{"id":3666,"date":"2024-11-15T22:04:21","date_gmt":"2024-11-15T21:04:21","guid":{"rendered":"https:\/\/plazapetperu.com\/?product=nutrican-adulto-15-kg"},"modified":"2024-11-15T22:04:21","modified_gmt":"2024-11-15T21:04:21","slug":"nutrican-adulto-15-kg","status":"publish","type":"product","link":"https:\/\/plazapetperu.com\/?product=nutrican-adulto-15-kg","title":{"rendered":"Nutrican Adulto (15 kg)"},"content":{"rendered":"<p>Nutrican Adulto est\u00e1 formulado para mantener a perros adultos sanos y activos. Contiene prote\u00ednas que fortalecen la musculatura, grasas saludables que proporcionan energ\u00eda y antioxidantes que refuerzan el sistema inmunol\u00f3gico.<\/p>\n<p>La porci\u00f3n diaria recomendada es de 200-400 g, ajustando seg\u00fan peso y actividad. Nutrican combina nutrici\u00f3n y sabor para el bienestar de tu perro.<\/p>\n","protected":false},"excerpt":{"rendered":"<p>Nutrici\u00f3n esencial para perros adultos con ingredientes de alta calidad. Energ\u00eda y salud en cada bocado.<\/p>\n","protected":false},"featured_media":3513,"comment_status":"open","ping_status":"closed","template":"","meta":[],"product_brand":[],"product_cat":[124],"product_tag":[],"class_list":{"0":"post-3666","1":"product","2":"type-product","3":"status-publish","4":"has-post-thumbnail","6":"product_cat-perritos","9":"instock","10":"shipping-taxable","11":"purchasable","12":"product-type-simple","13":"add-to-wishlist-after_add_to_cart"},"_links":{"self":[{"href":"https:\/\/plazapetperu.com\/index.php?rest_route=\/wp\/v2\/product\/3666","targetHints":{"allow":["GET"]}}],"collection":[{"href":"https:\/\/plazapetperu.com\/index.php?rest_route=\/wp\/v2\/product"}],"about":[{"href":"https:\/\/plazapetperu.com\/index.php?rest_route=\/wp\/v2\/types\/product"}],"replies":[{"embeddable":true,"href":"https:\/\/plazapetperu.com\/index.php?rest_route=%2Fwp%2Fv2%2Fcomments&post=3666"}],"wp:featuredmedia":[{"embeddable":true,"href":"https:\/\/plazapetperu.com\/index.php?rest_route=\/wp\/v2\/media\/3513"}],"wp:attachment":[{"href":"https:\/\/plazapetperu.com\/index.php?rest_route=%2Fwp%2Fv2%2Fmedia&parent=3666"}],"wp:term":[{"taxonomy":"product_brand","embeddable":true,"href":"https:\/\/plazapetperu.com\/index.php?rest_route=%2Fwp%2Fv2%2Fproduct_brand&post=3666"},{"taxonomy":"product_cat","embeddable":true,"href":"https:\/\/plazapetperu.com\/index.php?rest_route=%2Fwp%2Fv2%2Fproduct_cat&post=3666"},{"taxonomy":"product_tag","embeddable":true,"href":"https:\/\/plazapetperu.com\/index.php?rest_route=%2Fwp%2Fv2%2Fproduct_tag&post=3666"}],"curies":[{"name":"wp","href":"https:\/\/api.w.org\/{rel}","templated":true}]}}