{"id":3667,"date":"2024-11-15T22:04:21","date_gmt":"2024-11-15T21:04:21","guid":{"rendered":"https:\/\/plazapetperu.com\/?product=nutrican-adulto-25-kg"},"modified":"2024-11-15T22:04:21","modified_gmt":"2024-11-15T21:04:21","slug":"nutrican-adulto-25-kg","status":"publish","type":"product","link":"https:\/\/plazapetperu.com\/?product=nutrican-adulto-25-kg","title":{"rendered":"Nutrican Adulto (25 kg)"},"content":{"rendered":"<p>Nutrican Adulto en su presentaci\u00f3n de 25 kg est\u00e1 dise\u00f1ado para hogares con varias mascotas o perros grandes que requieren una dieta equilibrada. Proporciona energ\u00eda, refuerza el sistema inmunol\u00f3gico y mantiene un pelaje saludable.<\/p>\n<p>La porci\u00f3n diaria recomendada es de 300-600 g, seg\u00fan las necesidades espec\u00edficas de cada perro. Nutrican ofrece calidad y rendimiento en un tama\u00f1o ideal.<\/p>\n","protected":false},"excerpt":{"rendered":"<p>Alimento completo para perros adultos. Mayor cantidad para un cuidado prolongado.<\/p>\n","protected":false},"featured_media":3513,"comment_status":"open","ping_status":"closed","template":"","meta":[],"product_brand":[],"product_cat":[124],"product_tag":[],"class_list":{"0":"post-3667","1":"product","2":"type-product","3":"status-publish","4":"has-post-thumbnail","6":"product_cat-perritos","9":"instock","10":"shipping-taxable","11":"purchasable","12":"product-type-simple","13":"add-to-wishlist-after_add_to_cart"},"_links":{"self":[{"href":"https:\/\/plazapetperu.com\/index.php?rest_route=\/wp\/v2\/product\/3667","targetHints":{"allow":["GET"]}}],"collection":[{"href":"https:\/\/plazapetperu.com\/index.php?rest_route=\/wp\/v2\/product"}],"about":[{"href":"https:\/\/plazapetperu.com\/index.php?rest_route=\/wp\/v2\/types\/product"}],"replies":[{"embeddable":true,"href":"https:\/\/plazapetperu.com\/index.php?rest_route=%2Fwp%2Fv2%2Fcomments&post=3667"}],"wp:featuredmedia":[{"embeddable":true,"href":"https:\/\/plazapetperu.com\/index.php?rest_route=\/wp\/v2\/media\/3513"}],"wp:attachment":[{"href":"https:\/\/plazapetperu.com\/index.php?rest_route=%2Fwp%2Fv2%2Fmedia&parent=3667"}],"wp:term":[{"taxonomy":"product_brand","embeddable":true,"href":"https:\/\/plazapetperu.com\/index.php?rest_route=%2Fwp%2Fv2%2Fproduct_brand&post=3667"},{"taxonomy":"product_cat","embeddable":true,"href":"https:\/\/plazapetperu.com\/index.php?rest_route=%2Fwp%2Fv2%2Fproduct_cat&post=3667"},{"taxonomy":"product_tag","embeddable":true,"href":"https:\/\/plazapetperu.com\/index.php?rest_route=%2Fwp%2Fv2%2Fproduct_tag&post=3667"}],"curies":[{"name":"wp","href":"https:\/\/api.w.org\/{rel}","templated":true}]}}