{"id":3668,"date":"2024-11-15T22:04:21","date_gmt":"2024-11-15T21:04:21","guid":{"rendered":"https:\/\/plazapetperu.com\/?product=nutrican-cachorro-15-kg"},"modified":"2024-11-15T22:04:21","modified_gmt":"2024-11-15T21:04:21","slug":"nutrican-cachorro-15-kg","status":"publish","type":"product","link":"https:\/\/plazapetperu.com\/?product=nutrican-cachorro-15-kg","title":{"rendered":"Nutrican Cachorro (15 kg)"},"content":{"rendered":"<p>Nutrican Cachorro es una opci\u00f3n ideal para acompa\u00f1ar el crecimiento de cachorros. Contiene prote\u00ednas de alta calidad, DHA para un desarrollo cognitivo avanzado y calcio para fortalecer huesos y dientes.<\/p>\n<p>Se recomienda una porci\u00f3n diaria de 150-400 g, ajustando seg\u00fan el peso y nivel de actividad del cachorro. Con Nutrican, aseguras un inicio lleno de vitalidad y salud.<\/p>\n","protected":false},"excerpt":{"rendered":"<p>F\u00f3rmula premium para cachorros en crecimiento. Ingredientes que garantizan salud y desarrollo \u00f3ptimos.<\/p>\n","protected":false},"featured_media":3514,"comment_status":"open","ping_status":"closed","template":"","meta":[],"product_brand":[],"product_cat":[124],"product_tag":[],"class_list":{"0":"post-3668","1":"product","2":"type-product","3":"status-publish","4":"has-post-thumbnail","6":"product_cat-perritos","9":"instock","10":"shipping-taxable","11":"purchasable","12":"product-type-simple","13":"add-to-wishlist-after_add_to_cart"},"_links":{"self":[{"href":"https:\/\/plazapetperu.com\/index.php?rest_route=\/wp\/v2\/product\/3668","targetHints":{"allow":["GET"]}}],"collection":[{"href":"https:\/\/plazapetperu.com\/index.php?rest_route=\/wp\/v2\/product"}],"about":[{"href":"https:\/\/plazapetperu.com\/index.php?rest_route=\/wp\/v2\/types\/product"}],"replies":[{"embeddable":true,"href":"https:\/\/plazapetperu.com\/index.php?rest_route=%2Fwp%2Fv2%2Fcomments&post=3668"}],"wp:featuredmedia":[{"embeddable":true,"href":"https:\/\/plazapetperu.com\/index.php?rest_route=\/wp\/v2\/media\/3514"}],"wp:attachment":[{"href":"https:\/\/plazapetperu.com\/index.php?rest_route=%2Fwp%2Fv2%2Fmedia&parent=3668"}],"wp:term":[{"taxonomy":"product_brand","embeddable":true,"href":"https:\/\/plazapetperu.com\/index.php?rest_route=%2Fwp%2Fv2%2Fproduct_brand&post=3668"},{"taxonomy":"product_cat","embeddable":true,"href":"https:\/\/plazapetperu.com\/index.php?rest_route=%2Fwp%2Fv2%2Fproduct_cat&post=3668"},{"taxonomy":"product_tag","embeddable":true,"href":"https:\/\/plazapetperu.com\/index.php?rest_route=%2Fwp%2Fv2%2Fproduct_tag&post=3668"}],"curies":[{"name":"wp","href":"https:\/\/api.w.org\/{rel}","templated":true}]}}