{"id":3672,"date":"2024-11-15T22:04:21","date_gmt":"2024-11-15T21:04:21","guid":{"rendered":"https:\/\/plazapetperu.com\/?product=ricocan-carne-y-leche-cachorros-raza-pequena-22-kg"},"modified":"2024-11-15T22:04:21","modified_gmt":"2024-11-15T21:04:21","slug":"ricocan-carne-y-leche-cachorros-raza-pequena-22-kg","status":"publish","type":"product","link":"https:\/\/plazapetperu.com\/?product=ricocan-carne-y-leche-cachorros-raza-pequena-22-kg","title":{"rendered":"Ricocan Carne Y Leche Cachorros Raza Peque\u00f1a (22 kg)"},"content":{"rendered":"<p>Ricocan Carne y Leche en su presentaci\u00f3n de 22 kg est\u00e1 pensado para criadores o familias con m\u00faltiples cachorros de razas peque\u00f1as. Su f\u00f3rmula aporta las prote\u00ednas y calcio necesarios para fortalecer huesos, m\u00fasculos y dientes, adem\u00e1s de vitaminas que potencian su energ\u00eda diaria.<\/p>\n<p>La porci\u00f3n recomendada var\u00eda entre 50-120 g diarios seg\u00fan el peso y nivel de actividad. La opci\u00f3n ideal para cuidar a los m\u00e1s peque\u00f1os por m\u00e1s tiempo.<\/p>\n","protected":false},"excerpt":{"rendered":"<p>F\u00f3rmula completa con carne y leche para el desarrollo \u00f3ptimo de cachorros de razas peque\u00f1as.<\/p>\n","protected":false},"featured_media":3571,"comment_status":"open","ping_status":"closed","template":"","meta":[],"product_brand":[],"product_cat":[124],"product_tag":[],"class_list":{"0":"post-3672","1":"product","2":"type-product","3":"status-publish","4":"has-post-thumbnail","6":"product_cat-perritos","9":"instock","10":"shipping-taxable","11":"purchasable","12":"product-type-simple","13":"add-to-wishlist-after_add_to_cart"},"_links":{"self":[{"href":"https:\/\/plazapetperu.com\/index.php?rest_route=\/wp\/v2\/product\/3672","targetHints":{"allow":["GET"]}}],"collection":[{"href":"https:\/\/plazapetperu.com\/index.php?rest_route=\/wp\/v2\/product"}],"about":[{"href":"https:\/\/plazapetperu.com\/index.php?rest_route=\/wp\/v2\/types\/product"}],"replies":[{"embeddable":true,"href":"https:\/\/plazapetperu.com\/index.php?rest_route=%2Fwp%2Fv2%2Fcomments&post=3672"}],"wp:featuredmedia":[{"embeddable":true,"href":"https:\/\/plazapetperu.com\/index.php?rest_route=\/wp\/v2\/media\/3571"}],"wp:attachment":[{"href":"https:\/\/plazapetperu.com\/index.php?rest_route=%2Fwp%2Fv2%2Fmedia&parent=3672"}],"wp:term":[{"taxonomy":"product_brand","embeddable":true,"href":"https:\/\/plazapetperu.com\/index.php?rest_route=%2Fwp%2Fv2%2Fproduct_brand&post=3672"},{"taxonomy":"product_cat","embeddable":true,"href":"https:\/\/plazapetperu.com\/index.php?rest_route=%2Fwp%2Fv2%2Fproduct_cat&post=3672"},{"taxonomy":"product_tag","embeddable":true,"href":"https:\/\/plazapetperu.com\/index.php?rest_route=%2Fwp%2Fv2%2Fproduct_tag&post=3672"}],"curies":[{"name":"wp","href":"https:\/\/api.w.org\/{rel}","templated":true}]}}