{"id":3675,"date":"2024-11-15T22:04:21","date_gmt":"2024-11-15T21:04:21","guid":{"rendered":"https:\/\/plazapetperu.com\/?product=ricocan-cordero-y-cereales-adultos-raza-medianas-y-grandes-15-kg"},"modified":"2024-11-15T22:04:21","modified_gmt":"2024-11-15T21:04:21","slug":"ricocan-cordero-y-cereales-adultos-raza-medianas-y-grandes-15-kg","status":"publish","type":"product","link":"https:\/\/plazapetperu.com\/?product=ricocan-cordero-y-cereales-adultos-raza-medianas-y-grandes-15-kg","title":{"rendered":"Ricocan Cordero y Cereales Adultos  Raza Medianas y Grandes (15 kg)"},"content":{"rendered":"<p>Ricocan Cordero y Cereales est\u00e1 formulado para perros adultos de mayor tama\u00f1o. Proporciona prote\u00ednas magras para mantener m\u00fasculos fuertes, cereales para energ\u00eda sostenida y antioxidantes que refuerzan el sistema inmunol\u00f3gico.<\/p>\n<p>La porci\u00f3n diaria recomendada oscila entre 250-500 g, dependiendo del tama\u00f1o y actividad de tu perro. Una elecci\u00f3n perfecta para el cuidado diario de tu mascota.<\/p>\n","protected":false},"excerpt":{"rendered":"<p>Nutrici\u00f3n con cordero y cereales para perros adultos de razas medianas y grandes.<\/p>\n","protected":false},"featured_media":3572,"comment_status":"open","ping_status":"closed","template":"","meta":[],"product_brand":[],"product_cat":[124],"product_tag":[],"class_list":{"0":"post-3675","1":"product","2":"type-product","3":"status-publish","4":"has-post-thumbnail","6":"product_cat-perritos","9":"instock","10":"shipping-taxable","11":"purchasable","12":"product-type-simple","13":"add-to-wishlist-after_add_to_cart"},"_links":{"self":[{"href":"https:\/\/plazapetperu.com\/index.php?rest_route=\/wp\/v2\/product\/3675","targetHints":{"allow":["GET"]}}],"collection":[{"href":"https:\/\/plazapetperu.com\/index.php?rest_route=\/wp\/v2\/product"}],"about":[{"href":"https:\/\/plazapetperu.com\/index.php?rest_route=\/wp\/v2\/types\/product"}],"replies":[{"embeddable":true,"href":"https:\/\/plazapetperu.com\/index.php?rest_route=%2Fwp%2Fv2%2Fcomments&post=3675"}],"wp:featuredmedia":[{"embeddable":true,"href":"https:\/\/plazapetperu.com\/index.php?rest_route=\/wp\/v2\/media\/3572"}],"wp:attachment":[{"href":"https:\/\/plazapetperu.com\/index.php?rest_route=%2Fwp%2Fv2%2Fmedia&parent=3675"}],"wp:term":[{"taxonomy":"product_brand","embeddable":true,"href":"https:\/\/plazapetperu.com\/index.php?rest_route=%2Fwp%2Fv2%2Fproduct_brand&post=3675"},{"taxonomy":"product_cat","embeddable":true,"href":"https:\/\/plazapetperu.com\/index.php?rest_route=%2Fwp%2Fv2%2Fproduct_cat&post=3675"},{"taxonomy":"product_tag","embeddable":true,"href":"https:\/\/plazapetperu.com\/index.php?rest_route=%2Fwp%2Fv2%2Fproduct_tag&post=3675"}],"curies":[{"name":"wp","href":"https:\/\/api.w.org\/{rel}","templated":true}]}}