{"id":3678,"date":"2024-11-15T22:04:21","date_gmt":"2024-11-15T21:04:21","guid":{"rendered":"https:\/\/plazapetperu.com\/?product=ricocan-adultos-edad-avanzada-15-kg"},"modified":"2024-11-15T22:04:21","modified_gmt":"2024-11-15T21:04:21","slug":"ricocan-adultos-edad-avanzada-15-kg","status":"publish","type":"product","link":"https:\/\/plazapetperu.com\/?product=ricocan-adultos-edad-avanzada-15-kg","title":{"rendered":"Ricocan Adultos Edad Avanzada (15 kg)"},"content":{"rendered":"<p>Ricocan Adultos Edad Avanzada est\u00e1 formulado para cubrir las necesidades de perros mayores. Contiene prote\u00ednas de f\u00e1cil digesti\u00f3n, antioxidantes para fortalecer el sistema inmunol\u00f3gico y glucosamina para mantener saludables sus articulaciones.<\/p>\n<p>La porci\u00f3n diaria recomendada es de 200-400 g, dependiendo del tama\u00f1o y condici\u00f3n del perro. Un alimento dise\u00f1ado para cuidar de tu mascota en su etapa m\u00e1s tranquila.<\/p>\n","protected":false},"excerpt":{"rendered":"<p>Nutrici\u00f3n especializada para perros en edad avanzada. Mant\u00e9n su vitalidad con Ricocan.<\/p>\n","protected":false},"featured_media":3567,"comment_status":"open","ping_status":"closed","template":"","meta":[],"product_brand":[],"product_cat":[124],"product_tag":[],"class_list":{"0":"post-3678","1":"product","2":"type-product","3":"status-publish","4":"has-post-thumbnail","6":"product_cat-perritos","9":"instock","10":"shipping-taxable","11":"purchasable","12":"product-type-simple","13":"add-to-wishlist-after_add_to_cart"},"_links":{"self":[{"href":"https:\/\/plazapetperu.com\/index.php?rest_route=\/wp\/v2\/product\/3678","targetHints":{"allow":["GET"]}}],"collection":[{"href":"https:\/\/plazapetperu.com\/index.php?rest_route=\/wp\/v2\/product"}],"about":[{"href":"https:\/\/plazapetperu.com\/index.php?rest_route=\/wp\/v2\/types\/product"}],"replies":[{"embeddable":true,"href":"https:\/\/plazapetperu.com\/index.php?rest_route=%2Fwp%2Fv2%2Fcomments&post=3678"}],"wp:featuredmedia":[{"embeddable":true,"href":"https:\/\/plazapetperu.com\/index.php?rest_route=\/wp\/v2\/media\/3567"}],"wp:attachment":[{"href":"https:\/\/plazapetperu.com\/index.php?rest_route=%2Fwp%2Fv2%2Fmedia&parent=3678"}],"wp:term":[{"taxonomy":"product_brand","embeddable":true,"href":"https:\/\/plazapetperu.com\/index.php?rest_route=%2Fwp%2Fv2%2Fproduct_brand&post=3678"},{"taxonomy":"product_cat","embeddable":true,"href":"https:\/\/plazapetperu.com\/index.php?rest_route=%2Fwp%2Fv2%2Fproduct_cat&post=3678"},{"taxonomy":"product_tag","embeddable":true,"href":"https:\/\/plazapetperu.com\/index.php?rest_route=%2Fwp%2Fv2%2Fproduct_tag&post=3678"}],"curies":[{"name":"wp","href":"https:\/\/api.w.org\/{rel}","templated":true}]}}