{"id":3679,"date":"2024-11-15T22:04:21","date_gmt":"2024-11-15T21:04:21","guid":{"rendered":"https:\/\/plazapetperu.com\/?product=ricocan-multisabores-adulto-todas-las-razas-15-kg"},"modified":"2024-11-15T22:04:21","modified_gmt":"2024-11-15T21:04:21","slug":"ricocan-multisabores-adulto-todas-las-razas-15-kg","status":"publish","type":"product","link":"https:\/\/plazapetperu.com\/?product=ricocan-multisabores-adulto-todas-las-razas-15-kg","title":{"rendered":"Ricocan Multisabores Adulto Todas Las Razas (15 kg)"},"content":{"rendered":"<p>Ricocan Multisabores combina prote\u00ednas variadas para ofrecer una experiencia de sabor \u00fanica, mientras asegura una nutrici\u00f3n completa para perros adultos. Su f\u00f3rmula incluye ingredientes que refuerzan el sistema inmunol\u00f3gico, favorecen una digesti\u00f3n saludable y mantienen la energ\u00eda.<\/p>\n<p>La porci\u00f3n diaria recomendada es de 200-500 g, ajustando seg\u00fan el tama\u00f1o y nivel de actividad de tu mascota. Una opci\u00f3n vers\u00e1til que se adapta a cualquier raza y tama\u00f1o.<\/p>\n","protected":false},"excerpt":{"rendered":"<p>Deliciosa mezcla de sabores para perros adultos de todas las razas. Nutrici\u00f3n que les encantar\u00e1.<\/p>\n","protected":false},"featured_media":3576,"comment_status":"open","ping_status":"closed","template":"","meta":[],"product_brand":[],"product_cat":[124],"product_tag":[],"class_list":{"0":"post-3679","1":"product","2":"type-product","3":"status-publish","4":"has-post-thumbnail","6":"product_cat-perritos","9":"instock","10":"shipping-taxable","11":"purchasable","12":"product-type-simple","13":"add-to-wishlist-after_add_to_cart"},"_links":{"self":[{"href":"https:\/\/plazapetperu.com\/index.php?rest_route=\/wp\/v2\/product\/3679","targetHints":{"allow":["GET"]}}],"collection":[{"href":"https:\/\/plazapetperu.com\/index.php?rest_route=\/wp\/v2\/product"}],"about":[{"href":"https:\/\/plazapetperu.com\/index.php?rest_route=\/wp\/v2\/types\/product"}],"replies":[{"embeddable":true,"href":"https:\/\/plazapetperu.com\/index.php?rest_route=%2Fwp%2Fv2%2Fcomments&post=3679"}],"wp:featuredmedia":[{"embeddable":true,"href":"https:\/\/plazapetperu.com\/index.php?rest_route=\/wp\/v2\/media\/3576"}],"wp:attachment":[{"href":"https:\/\/plazapetperu.com\/index.php?rest_route=%2Fwp%2Fv2%2Fmedia&parent=3679"}],"wp:term":[{"taxonomy":"product_brand","embeddable":true,"href":"https:\/\/plazapetperu.com\/index.php?rest_route=%2Fwp%2Fv2%2Fproduct_brand&post=3679"},{"taxonomy":"product_cat","embeddable":true,"href":"https:\/\/plazapetperu.com\/index.php?rest_route=%2Fwp%2Fv2%2Fproduct_cat&post=3679"},{"taxonomy":"product_tag","embeddable":true,"href":"https:\/\/plazapetperu.com\/index.php?rest_route=%2Fwp%2Fv2%2Fproduct_tag&post=3679"}],"curies":[{"name":"wp","href":"https:\/\/api.w.org\/{rel}","templated":true}]}}