{"id":3684,"date":"2024-11-15T22:04:22","date_gmt":"2024-11-15T21:04:22","guid":{"rendered":"https:\/\/plazapetperu.com\/?product=supercan-carne-y-cereales-adultos-razas-pequenas-25-kg"},"modified":"2024-11-15T22:04:22","modified_gmt":"2024-11-15T21:04:22","slug":"supercan-carne-y-cereales-adultos-razas-pequenas-25-kg","status":"publish","type":"product","link":"https:\/\/plazapetperu.com\/?product=supercan-carne-y-cereales-adultos-razas-pequenas-25-kg","title":{"rendered":"SUPERCAN Carne y Cereales Adultos Razas Peque\u00f1as (25 kg)"},"content":{"rendered":"<p>SUPERCAN Carne y Cereales en 25 kg es perfecto para hogares con varios perros de razas peque\u00f1as. Las croquetas est\u00e1n adaptadas a sus necesidades y son f\u00e1ciles de masticar.<\/p>\n<p>La porci\u00f3n diaria recomendada var\u00eda entre 70-150 g, dependiendo de su tama\u00f1o y actividad. SUPERCAN combina calidad y cantidad para un cuidado eficiente.<\/p>\n","protected":false},"excerpt":{"rendered":"<p>Nutrici\u00f3n prolongada para perros adultos de razas peque\u00f1as con SUPERCAN.<\/p>\n","protected":false},"featured_media":3583,"comment_status":"open","ping_status":"closed","template":"","meta":[],"product_brand":[],"product_cat":[124],"product_tag":[],"class_list":{"0":"post-3684","1":"product","2":"type-product","3":"status-publish","4":"has-post-thumbnail","6":"product_cat-perritos","9":"instock","10":"shipping-taxable","11":"purchasable","12":"product-type-simple","13":"add-to-wishlist-after_add_to_cart"},"_links":{"self":[{"href":"https:\/\/plazapetperu.com\/index.php?rest_route=\/wp\/v2\/product\/3684","targetHints":{"allow":["GET"]}}],"collection":[{"href":"https:\/\/plazapetperu.com\/index.php?rest_route=\/wp\/v2\/product"}],"about":[{"href":"https:\/\/plazapetperu.com\/index.php?rest_route=\/wp\/v2\/types\/product"}],"replies":[{"embeddable":true,"href":"https:\/\/plazapetperu.com\/index.php?rest_route=%2Fwp%2Fv2%2Fcomments&post=3684"}],"wp:featuredmedia":[{"embeddable":true,"href":"https:\/\/plazapetperu.com\/index.php?rest_route=\/wp\/v2\/media\/3583"}],"wp:attachment":[{"href":"https:\/\/plazapetperu.com\/index.php?rest_route=%2Fwp%2Fv2%2Fmedia&parent=3684"}],"wp:term":[{"taxonomy":"product_brand","embeddable":true,"href":"https:\/\/plazapetperu.com\/index.php?rest_route=%2Fwp%2Fv2%2Fproduct_brand&post=3684"},{"taxonomy":"product_cat","embeddable":true,"href":"https:\/\/plazapetperu.com\/index.php?rest_route=%2Fwp%2Fv2%2Fproduct_cat&post=3684"},{"taxonomy":"product_tag","embeddable":true,"href":"https:\/\/plazapetperu.com\/index.php?rest_route=%2Fwp%2Fv2%2Fproduct_tag&post=3684"}],"curies":[{"name":"wp","href":"https:\/\/api.w.org\/{rel}","templated":true}]}}