{"id":3685,"date":"2024-11-15T22:04:22","date_gmt":"2024-11-15T21:04:22","guid":{"rendered":"https:\/\/plazapetperu.com\/?product=supercan-cachorros-de-carne-y-leche-15-kg"},"modified":"2024-11-15T22:04:22","modified_gmt":"2024-11-15T21:04:22","slug":"supercan-cachorros-de-carne-y-leche-15-kg","status":"publish","type":"product","link":"https:\/\/plazapetperu.com\/?product=supercan-cachorros-de-carne-y-leche-15-kg","title":{"rendered":"SUPERCAN Cachorros de Carne y Leche (15 kg)"},"content":{"rendered":"<p>SUPERCAN Cachorros combina prote\u00ednas de carne con calcio de la leche, apoyando el crecimiento muscular, el desarrollo \u00f3seo y la salud dental. Adem\u00e1s, incluye DHA para el desarrollo cognitivo.<\/p>\n<p>La porci\u00f3n diaria recomendada es de 150-350 g, ajustando seg\u00fan el peso y edad del cachorro. Dale a tu cachorro un inicio lleno de energ\u00eda y salud con SUPERCAN.<\/p>\n","protected":false},"excerpt":{"rendered":"<p>F\u00f3rmula nutritiva para cachorros, con carne y leche para un desarrollo saludable.<\/p>\n","protected":false},"featured_media":3579,"comment_status":"open","ping_status":"closed","template":"","meta":[],"product_brand":[],"product_cat":[124],"product_tag":[],"class_list":{"0":"post-3685","1":"product","2":"type-product","3":"status-publish","4":"has-post-thumbnail","6":"product_cat-perritos","9":"instock","10":"shipping-taxable","11":"purchasable","12":"product-type-simple","13":"add-to-wishlist-after_add_to_cart"},"_links":{"self":[{"href":"https:\/\/plazapetperu.com\/index.php?rest_route=\/wp\/v2\/product\/3685","targetHints":{"allow":["GET"]}}],"collection":[{"href":"https:\/\/plazapetperu.com\/index.php?rest_route=\/wp\/v2\/product"}],"about":[{"href":"https:\/\/plazapetperu.com\/index.php?rest_route=\/wp\/v2\/types\/product"}],"replies":[{"embeddable":true,"href":"https:\/\/plazapetperu.com\/index.php?rest_route=%2Fwp%2Fv2%2Fcomments&post=3685"}],"wp:featuredmedia":[{"embeddable":true,"href":"https:\/\/plazapetperu.com\/index.php?rest_route=\/wp\/v2\/media\/3579"}],"wp:attachment":[{"href":"https:\/\/plazapetperu.com\/index.php?rest_route=%2Fwp%2Fv2%2Fmedia&parent=3685"}],"wp:term":[{"taxonomy":"product_brand","embeddable":true,"href":"https:\/\/plazapetperu.com\/index.php?rest_route=%2Fwp%2Fv2%2Fproduct_brand&post=3685"},{"taxonomy":"product_cat","embeddable":true,"href":"https:\/\/plazapetperu.com\/index.php?rest_route=%2Fwp%2Fv2%2Fproduct_cat&post=3685"},{"taxonomy":"product_tag","embeddable":true,"href":"https:\/\/plazapetperu.com\/index.php?rest_route=%2Fwp%2Fv2%2Fproduct_tag&post=3685"}],"curies":[{"name":"wp","href":"https:\/\/api.w.org\/{rel}","templated":true}]}}