{"id":3688,"date":"2024-11-15T22:04:22","date_gmt":"2024-11-15T21:04:22","guid":{"rendered":"https:\/\/plazapetperu.com\/?product=proplan-cachorros-raza-mediana-15-kg"},"modified":"2024-11-15T22:04:22","modified_gmt":"2024-11-15T21:04:22","slug":"proplan-cachorros-raza-mediana-15-kg","status":"publish","type":"product","link":"https:\/\/plazapetperu.com\/?product=proplan-cachorros-raza-mediana-15-kg","title":{"rendered":"Proplan Cachorros Raza Mediana (15 kg)"},"content":{"rendered":"<p>ProPlan Cachorros Raza Mediana est\u00e1 formulado con prote\u00ednas, DHA y antioxidantes para garantizar el desarrollo muscular, cognitivo y \u00f3seo.<\/p>\n<p>La porci\u00f3n diaria recomendada var\u00eda entre 120-250 g, seg\u00fan el peso y actividad. ProPlan asegura que tu cachorro alcance su m\u00e1ximo potencial.<\/p>\n","protected":false},"excerpt":{"rendered":"<p>F\u00f3rmula especializada para cachorros de razas medianas, dise\u00f1ada para un desarrollo completo.<\/p>\n","protected":false},"featured_media":3601,"comment_status":"open","ping_status":"closed","template":"","meta":[],"product_brand":[],"product_cat":[124],"product_tag":[],"class_list":{"0":"post-3688","1":"product","2":"type-product","3":"status-publish","4":"has-post-thumbnail","6":"product_cat-perritos","9":"instock","10":"shipping-taxable","11":"purchasable","12":"product-type-simple","13":"add-to-wishlist-after_add_to_cart"},"_links":{"self":[{"href":"https:\/\/plazapetperu.com\/index.php?rest_route=\/wp\/v2\/product\/3688","targetHints":{"allow":["GET"]}}],"collection":[{"href":"https:\/\/plazapetperu.com\/index.php?rest_route=\/wp\/v2\/product"}],"about":[{"href":"https:\/\/plazapetperu.com\/index.php?rest_route=\/wp\/v2\/types\/product"}],"replies":[{"embeddable":true,"href":"https:\/\/plazapetperu.com\/index.php?rest_route=%2Fwp%2Fv2%2Fcomments&post=3688"}],"wp:featuredmedia":[{"embeddable":true,"href":"https:\/\/plazapetperu.com\/index.php?rest_route=\/wp\/v2\/media\/3601"}],"wp:attachment":[{"href":"https:\/\/plazapetperu.com\/index.php?rest_route=%2Fwp%2Fv2%2Fmedia&parent=3688"}],"wp:term":[{"taxonomy":"product_brand","embeddable":true,"href":"https:\/\/plazapetperu.com\/index.php?rest_route=%2Fwp%2Fv2%2Fproduct_brand&post=3688"},{"taxonomy":"product_cat","embeddable":true,"href":"https:\/\/plazapetperu.com\/index.php?rest_route=%2Fwp%2Fv2%2Fproduct_cat&post=3688"},{"taxonomy":"product_tag","embeddable":true,"href":"https:\/\/plazapetperu.com\/index.php?rest_route=%2Fwp%2Fv2%2Fproduct_tag&post=3688"}],"curies":[{"name":"wp","href":"https:\/\/api.w.org\/{rel}","templated":true}]}}