{"id":3691,"date":"2024-11-15T22:04:23","date_gmt":"2024-11-15T21:04:23","guid":{"rendered":"https:\/\/plazapetperu.com\/?product=proplan-adulto-razas-pequenas-15-kg"},"modified":"2024-11-15T22:15:35","modified_gmt":"2024-11-15T21:15:35","slug":"proplan-adulto-razas-pequenas-15-kg","status":"publish","type":"product","link":"https:\/\/plazapetperu.com\/?product=proplan-adulto-razas-pequenas-15-kg","title":{"rendered":"ProPlan Adulto Razas Peque\u00f1as (15 kg)"},"content":{"rendered":"<p>ProPlan Adulto Razas Peque\u00f1as ofrece croquetas de tama\u00f1o adaptado y nutrientes que favorecen el metabolismo acelerado de estas razas.<\/p>\n<p>La porci\u00f3n diaria recomendada var\u00eda entre 70-150 g, seg\u00fan tama\u00f1o y actividad.<\/p>\n","protected":false},"excerpt":{"rendered":"<p>F\u00f3rmula premium para perros adultos de razas peque\u00f1as, dise\u00f1ada para energ\u00eda y salud.<\/p>\n","protected":false},"featured_media":3593,"comment_status":"open","ping_status":"closed","template":"","meta":[],"product_brand":[],"product_cat":[130,127,124],"product_tag":[],"class_list":{"0":"post-3691","1":"product","2":"type-product","3":"status-publish","4":"has-post-thumbnail","6":"product_cat-alimentoseco","7":"product_cat-alimentos","8":"product_cat-perritos","11":"instock","12":"shipping-taxable","13":"purchasable","14":"product-type-simple","15":"add-to-wishlist-after_add_to_cart"},"_links":{"self":[{"href":"https:\/\/plazapetperu.com\/index.php?rest_route=\/wp\/v2\/product\/3691","targetHints":{"allow":["GET"]}}],"collection":[{"href":"https:\/\/plazapetperu.com\/index.php?rest_route=\/wp\/v2\/product"}],"about":[{"href":"https:\/\/plazapetperu.com\/index.php?rest_route=\/wp\/v2\/types\/product"}],"replies":[{"embeddable":true,"href":"https:\/\/plazapetperu.com\/index.php?rest_route=%2Fwp%2Fv2%2Fcomments&post=3691"}],"wp:featuredmedia":[{"embeddable":true,"href":"https:\/\/plazapetperu.com\/index.php?rest_route=\/wp\/v2\/media\/3593"}],"wp:attachment":[{"href":"https:\/\/plazapetperu.com\/index.php?rest_route=%2Fwp%2Fv2%2Fmedia&parent=3691"}],"wp:term":[{"taxonomy":"product_brand","embeddable":true,"href":"https:\/\/plazapetperu.com\/index.php?rest_route=%2Fwp%2Fv2%2Fproduct_brand&post=3691"},{"taxonomy":"product_cat","embeddable":true,"href":"https:\/\/plazapetperu.com\/index.php?rest_route=%2Fwp%2Fv2%2Fproduct_cat&post=3691"},{"taxonomy":"product_tag","embeddable":true,"href":"https:\/\/plazapetperu.com\/index.php?rest_route=%2Fwp%2Fv2%2Fproduct_tag&post=3691"}],"curies":[{"name":"wp","href":"https:\/\/api.w.org\/{rel}","templated":true}]}}