{"id":3695,"date":"2024-11-15T22:04:23","date_gmt":"2024-11-15T21:04:23","guid":{"rendered":"https:\/\/plazapetperu.com\/?product=proplan-piel-sensible-adulto-salmon-razas-pequenas-15-kg"},"modified":"2024-11-15T22:08:43","modified_gmt":"2024-11-15T21:08:43","slug":"proplan-piel-sensible-adulto-salmon-razas-pequenas-15-kg","status":"publish","type":"product","link":"https:\/\/plazapetperu.com\/?product=proplan-piel-sensible-adulto-salmon-razas-pequenas-15-kg","title":{"rendered":"Proplan Piel Sensible Adulto Salm\u00f3n Razas Peque\u00f1as (15 kg)"},"content":{"rendered":"<p>ProPlan Piel Sensible con salm\u00f3n est\u00e1 dise\u00f1ado para aliviar problemas cut\u00e1neos y promover un pelaje brillante. Su f\u00f3rmula incluye prote\u00ednas de salm\u00f3n de f\u00e1cil digesti\u00f3n, \u00e1cidos grasos omega 3 y 6, y vitaminas que fortalecen la barrera cut\u00e1nea.<\/p>\n<p>La porci\u00f3n diaria recomendada var\u00eda entre 70-150 g, dependiendo del peso y actividad del perro. ProPlan combina cuidado y sabor para perros con necesidades espec\u00edficas.<\/p>\n","protected":false},"excerpt":{"rendered":"<p>F\u00f3rmula premium con salm\u00f3n para perros adultos de razas peque\u00f1as con piel sensible.<\/p>\n","protected":false},"featured_media":3592,"comment_status":"open","ping_status":"closed","template":"","meta":[],"product_brand":[],"product_cat":[130,127,124],"product_tag":[],"class_list":{"0":"post-3695","1":"product","2":"type-product","3":"status-publish","4":"has-post-thumbnail","6":"product_cat-alimentoseco","7":"product_cat-alimentos","8":"product_cat-perritos","11":"instock","12":"shipping-taxable","13":"purchasable","14":"product-type-simple","15":"add-to-wishlist-after_add_to_cart"},"_links":{"self":[{"href":"https:\/\/plazapetperu.com\/index.php?rest_route=\/wp\/v2\/product\/3695","targetHints":{"allow":["GET"]}}],"collection":[{"href":"https:\/\/plazapetperu.com\/index.php?rest_route=\/wp\/v2\/product"}],"about":[{"href":"https:\/\/plazapetperu.com\/index.php?rest_route=\/wp\/v2\/types\/product"}],"replies":[{"embeddable":true,"href":"https:\/\/plazapetperu.com\/index.php?rest_route=%2Fwp%2Fv2%2Fcomments&post=3695"}],"wp:featuredmedia":[{"embeddable":true,"href":"https:\/\/plazapetperu.com\/index.php?rest_route=\/wp\/v2\/media\/3592"}],"wp:attachment":[{"href":"https:\/\/plazapetperu.com\/index.php?rest_route=%2Fwp%2Fv2%2Fmedia&parent=3695"}],"wp:term":[{"taxonomy":"product_brand","embeddable":true,"href":"https:\/\/plazapetperu.com\/index.php?rest_route=%2Fwp%2Fv2%2Fproduct_brand&post=3695"},{"taxonomy":"product_cat","embeddable":true,"href":"https:\/\/plazapetperu.com\/index.php?rest_route=%2Fwp%2Fv2%2Fproduct_cat&post=3695"},{"taxonomy":"product_tag","embeddable":true,"href":"https:\/\/plazapetperu.com\/index.php?rest_route=%2Fwp%2Fv2%2Fproduct_tag&post=3695"}],"curies":[{"name":"wp","href":"https:\/\/api.w.org\/{rel}","templated":true}]}}