{"id":3696,"date":"2024-11-15T22:04:23","date_gmt":"2024-11-15T21:04:23","guid":{"rendered":"https:\/\/plazapetperu.com\/?product=allkjoy-cachorro-15-kg"},"modified":"2024-11-15T22:08:33","modified_gmt":"2024-11-15T21:08:33","slug":"allkjoy-cachorro-15-kg","status":"publish","type":"product","link":"https:\/\/plazapetperu.com\/?product=allkjoy-cachorro-15-kg","title":{"rendered":"Allkjoy Cachorro (15 kg)"},"content":{"rendered":"<p>Allkjoy Cachorro ofrece una f\u00f3rmula equilibrada con prote\u00ednas de calidad y calcio para fortalecer m\u00fasculos y huesos. Adem\u00e1s, incluye vitaminas y DHA para el desarrollo cognitivo y visual.<\/p>\n<p>La porci\u00f3n diaria recomendada es de 150-300 g, ajustando seg\u00fan el tama\u00f1o y edad del cachorro. Perfecto para brindar una base s\u00f3lida en su etapa de crecimiento.<\/p>\n","protected":false},"excerpt":{"rendered":"<p>Alimento completo para cachorros, ideal para un crecimiento saludable y lleno de energ\u00eda.<\/p>\n","protected":false},"featured_media":3585,"comment_status":"open","ping_status":"closed","template":"","meta":[],"product_brand":[],"product_cat":[130,127,124],"product_tag":[],"class_list":{"0":"post-3696","1":"product","2":"type-product","3":"status-publish","4":"has-post-thumbnail","6":"product_cat-alimentoseco","7":"product_cat-alimentos","8":"product_cat-perritos","11":"instock","12":"shipping-taxable","13":"purchasable","14":"product-type-simple","15":"add-to-wishlist-after_add_to_cart"},"_links":{"self":[{"href":"https:\/\/plazapetperu.com\/index.php?rest_route=\/wp\/v2\/product\/3696","targetHints":{"allow":["GET"]}}],"collection":[{"href":"https:\/\/plazapetperu.com\/index.php?rest_route=\/wp\/v2\/product"}],"about":[{"href":"https:\/\/plazapetperu.com\/index.php?rest_route=\/wp\/v2\/types\/product"}],"replies":[{"embeddable":true,"href":"https:\/\/plazapetperu.com\/index.php?rest_route=%2Fwp%2Fv2%2Fcomments&post=3696"}],"wp:featuredmedia":[{"embeddable":true,"href":"https:\/\/plazapetperu.com\/index.php?rest_route=\/wp\/v2\/media\/3585"}],"wp:attachment":[{"href":"https:\/\/plazapetperu.com\/index.php?rest_route=%2Fwp%2Fv2%2Fmedia&parent=3696"}],"wp:term":[{"taxonomy":"product_brand","embeddable":true,"href":"https:\/\/plazapetperu.com\/index.php?rest_route=%2Fwp%2Fv2%2Fproduct_brand&post=3696"},{"taxonomy":"product_cat","embeddable":true,"href":"https:\/\/plazapetperu.com\/index.php?rest_route=%2Fwp%2Fv2%2Fproduct_cat&post=3696"},{"taxonomy":"product_tag","embeddable":true,"href":"https:\/\/plazapetperu.com\/index.php?rest_route=%2Fwp%2Fv2%2Fproduct_tag&post=3696"}],"curies":[{"name":"wp","href":"https:\/\/api.w.org\/{rel}","templated":true}]}}