{"id":3697,"date":"2024-11-15T22:04:23","date_gmt":"2024-11-15T21:04:23","guid":{"rendered":"https:\/\/plazapetperu.com\/?product=allkjoy-adultos-15-kg"},"modified":"2024-11-15T22:04:23","modified_gmt":"2024-11-15T21:04:23","slug":"allkjoy-adultos-15-kg","status":"publish","type":"product","link":"https:\/\/plazapetperu.com\/?product=allkjoy-adultos-15-kg","title":{"rendered":"Allkjoy Adultos (15 kg)"},"content":{"rendered":"<p>Allkjoy Adultos est\u00e1 formulado para cubrir las necesidades energ\u00e9ticas de perros adultos. Contiene prote\u00ednas para mantener la musculatura, fibra para una digesti\u00f3n saludable y \u00e1cidos grasos esenciales para un pelaje brillante.<\/p>\n<p>La porci\u00f3n diaria recomendada oscila entre 200-400 g, dependiendo del tama\u00f1o y nivel de actividad del perro. Allkjoy asegura energ\u00eda y bienestar en cada comida.<\/p>\n","protected":false},"excerpt":{"rendered":"<p>Nutrici\u00f3n completa y balanceada para perros adultos, con ingredientes de calidad para mantener su salud.<\/p>\n","protected":false},"featured_media":3584,"comment_status":"open","ping_status":"closed","template":"","meta":[],"product_brand":[],"product_cat":[124],"product_tag":[],"class_list":{"0":"post-3697","1":"product","2":"type-product","3":"status-publish","4":"has-post-thumbnail","6":"product_cat-perritos","9":"instock","10":"shipping-taxable","11":"purchasable","12":"product-type-simple","13":"add-to-wishlist-after_add_to_cart"},"_links":{"self":[{"href":"https:\/\/plazapetperu.com\/index.php?rest_route=\/wp\/v2\/product\/3697","targetHints":{"allow":["GET"]}}],"collection":[{"href":"https:\/\/plazapetperu.com\/index.php?rest_route=\/wp\/v2\/product"}],"about":[{"href":"https:\/\/plazapetperu.com\/index.php?rest_route=\/wp\/v2\/types\/product"}],"replies":[{"embeddable":true,"href":"https:\/\/plazapetperu.com\/index.php?rest_route=%2Fwp%2Fv2%2Fcomments&post=3697"}],"wp:featuredmedia":[{"embeddable":true,"href":"https:\/\/plazapetperu.com\/index.php?rest_route=\/wp\/v2\/media\/3584"}],"wp:attachment":[{"href":"https:\/\/plazapetperu.com\/index.php?rest_route=%2Fwp%2Fv2%2Fmedia&parent=3697"}],"wp:term":[{"taxonomy":"product_brand","embeddable":true,"href":"https:\/\/plazapetperu.com\/index.php?rest_route=%2Fwp%2Fv2%2Fproduct_brand&post=3697"},{"taxonomy":"product_cat","embeddable":true,"href":"https:\/\/plazapetperu.com\/index.php?rest_route=%2Fwp%2Fv2%2Fproduct_cat&post=3697"},{"taxonomy":"product_tag","embeddable":true,"href":"https:\/\/plazapetperu.com\/index.php?rest_route=%2Fwp%2Fv2%2Fproduct_tag&post=3697"}],"curies":[{"name":"wp","href":"https:\/\/api.w.org\/{rel}","templated":true}]}}