{"id":3698,"date":"2024-11-15T22:04:23","date_gmt":"2024-11-15T21:04:23","guid":{"rendered":"https:\/\/plazapetperu.com\/?product=zeus-cachorro-carne-25-kg"},"modified":"2024-11-15T22:16:31","modified_gmt":"2024-11-15T21:16:31","slug":"zeus-cachorro-carne-25-kg","status":"publish","type":"product","link":"https:\/\/plazapetperu.com\/?product=zeus-cachorro-carne-25-kg","title":{"rendered":"ZEUS Cachorro Carne (25 kg)"},"content":{"rendered":"<p>ZEUS Cachorro combina prote\u00ednas de carne con vitaminas esenciales para garantizar un desarrollo saludable.<\/p>\n<p>La porci\u00f3n diaria recomendada var\u00eda entre 200-400 g, seg\u00fan la raza y peso del cachorro.<\/p>\n","protected":false},"excerpt":{"rendered":"<p>F\u00f3rmula nutritiva para cachorros en crecimiento.<\/p>\n","protected":false},"featured_media":3600,"comment_status":"open","ping_status":"closed","template":"","meta":[],"product_brand":[],"product_cat":[130,127,124],"product_tag":[],"class_list":{"0":"post-3698","1":"product","2":"type-product","3":"status-publish","4":"has-post-thumbnail","6":"product_cat-alimentoseco","7":"product_cat-alimentos","8":"product_cat-perritos","11":"instock","12":"shipping-taxable","13":"purchasable","14":"product-type-simple","15":"add-to-wishlist-after_add_to_cart"},"_links":{"self":[{"href":"https:\/\/plazapetperu.com\/index.php?rest_route=\/wp\/v2\/product\/3698","targetHints":{"allow":["GET"]}}],"collection":[{"href":"https:\/\/plazapetperu.com\/index.php?rest_route=\/wp\/v2\/product"}],"about":[{"href":"https:\/\/plazapetperu.com\/index.php?rest_route=\/wp\/v2\/types\/product"}],"replies":[{"embeddable":true,"href":"https:\/\/plazapetperu.com\/index.php?rest_route=%2Fwp%2Fv2%2Fcomments&post=3698"}],"wp:featuredmedia":[{"embeddable":true,"href":"https:\/\/plazapetperu.com\/index.php?rest_route=\/wp\/v2\/media\/3600"}],"wp:attachment":[{"href":"https:\/\/plazapetperu.com\/index.php?rest_route=%2Fwp%2Fv2%2Fmedia&parent=3698"}],"wp:term":[{"taxonomy":"product_brand","embeddable":true,"href":"https:\/\/plazapetperu.com\/index.php?rest_route=%2Fwp%2Fv2%2Fproduct_brand&post=3698"},{"taxonomy":"product_cat","embeddable":true,"href":"https:\/\/plazapetperu.com\/index.php?rest_route=%2Fwp%2Fv2%2Fproduct_cat&post=3698"},{"taxonomy":"product_tag","embeddable":true,"href":"https:\/\/plazapetperu.com\/index.php?rest_route=%2Fwp%2Fv2%2Fproduct_tag&post=3698"}],"curies":[{"name":"wp","href":"https:\/\/api.w.org\/{rel}","templated":true}]}}