{"id":3700,"date":"2024-11-15T22:04:23","date_gmt":"2024-11-15T21:04:23","guid":{"rendered":"https:\/\/plazapetperu.com\/?product=ricocan-adultos-pate-con-carne-24-unidades-x-mayor"},"modified":"2026-01-14T03:27:45","modified_gmt":"2026-01-14T02:27:45","slug":"ricocan-adultos-pate-con-carne-24-unidades-x-mayor","status":"publish","type":"product","link":"https:\/\/plazapetperu.com\/?product=ricocan-adultos-pate-con-carne-24-unidades-x-mayor","title":{"rendered":"RICOCAN Adultos Pat\u00e9 con Carne (24 unidades x mayor)"},"content":{"rendered":"<p>RICOCAN Pat\u00e9 con Carne es un alimento h\u00famedo ideal como complemento o premio. Su f\u00f3rmula rica en carne asegura un sabor irresistible y nutrientes esenciales.<\/p>\n<p>Una unidad diaria es perfecta para complementar la alimentaci\u00f3n balanceada de tu perro.<\/p>\n","protected":false},"excerpt":{"rendered":"<p>Pr\u00e1ctico pat\u00e9 con carne para complementar la dieta de perros adultos.<\/p>\n","protected":false},"featured_media":3598,"comment_status":"open","ping_status":"closed","template":"","meta":[],"product_brand":[],"product_cat":[127,124],"product_tag":[],"class_list":{"0":"post-3700","1":"product","2":"type-product","3":"status-publish","4":"has-post-thumbnail","6":"product_cat-alimentos","7":"product_cat-perritos","10":"instock","11":"shipping-taxable","12":"purchasable","13":"product-type-simple","14":"add-to-wishlist-after_add_to_cart"},"_links":{"self":[{"href":"https:\/\/plazapetperu.com\/index.php?rest_route=\/wp\/v2\/product\/3700","targetHints":{"allow":["GET"]}}],"collection":[{"href":"https:\/\/plazapetperu.com\/index.php?rest_route=\/wp\/v2\/product"}],"about":[{"href":"https:\/\/plazapetperu.com\/index.php?rest_route=\/wp\/v2\/types\/product"}],"replies":[{"embeddable":true,"href":"https:\/\/plazapetperu.com\/index.php?rest_route=%2Fwp%2Fv2%2Fcomments&post=3700"}],"wp:featuredmedia":[{"embeddable":true,"href":"https:\/\/plazapetperu.com\/index.php?rest_route=\/wp\/v2\/media\/3598"}],"wp:attachment":[{"href":"https:\/\/plazapetperu.com\/index.php?rest_route=%2Fwp%2Fv2%2Fmedia&parent=3700"}],"wp:term":[{"taxonomy":"product_brand","embeddable":true,"href":"https:\/\/plazapetperu.com\/index.php?rest_route=%2Fwp%2Fv2%2Fproduct_brand&post=3700"},{"taxonomy":"product_cat","embeddable":true,"href":"https:\/\/plazapetperu.com\/index.php?rest_route=%2Fwp%2Fv2%2Fproduct_cat&post=3700"},{"taxonomy":"product_tag","embeddable":true,"href":"https:\/\/plazapetperu.com\/index.php?rest_route=%2Fwp%2Fv2%2Fproduct_tag&post=3700"}],"curies":[{"name":"wp","href":"https:\/\/api.w.org\/{rel}","templated":true}]}}